{"id":1279,"date":"2021-08-26T15:22:08","date_gmt":"2021-08-26T15:22:08","guid":{"rendered":"http:\/\/mesevilagovi.hu\/?page_id=1279"},"modified":"2023-04-05T12:10:38","modified_gmt":"2023-04-05T12:10:38","slug":"galeria","status":"publish","type":"page","link":"https:\/\/mesevilagovi.hu\/en\/galeria\/","title":{"rendered":"Gal\u00e9ria"},"content":{"rendered":"\n<div class=\"row\">\n\t<div class=\"col-md-6 text-center\">\n\t<p style=\"text-align: center;\">\n\t\t<a href=\"https:\/\/mesevilagovi.hu\/category\/maria-utcai-ovoda\" rel=\"noopener noreferrer\">\n\t\t\t<img decoding=\"async\" src=\"https:\/\/mesevilagovi.hu\/wp-content\/uploads\/2021\/09\/image_6487327-2-1.jpg\" style=\"width:200px;border-radius:5px;margin-bottom: 10px;\">\n\t\t\t<br>\n\t\t\tM\u00e1ria utcai \u00f3voda\n\t\t<\/a><br><br>\n<a href=\"https:\/\/www.facebook.com\/mesevilagovi\"><img decoding=\"async\" src=\"https:\/\/mesevilagovi.hu\/wp-content\/uploads\/2021\/09\/fb_btn.png\"><\/a>\n\t<\/p>\n<\/div>\n\t<div class=\"col-md-6 text-center\">\n\t<p style=\"text-align: center;\">\n\t\t<a href=\"https:\/\/mesevilagovi.hu\/category\/valto-utcai-ovoda\" rel=\"noopener noreferrer\">\n<img decoding=\"async\" src=\"https:\/\/mesevilagovi.hu\/wp-content\/uploads\/2021\/09\/fokep_valto_utca.jpg\" style=\"width:200px;border-radius:5px;margin-bottom: 10px;\">\n\t\t\t<br>\nV\u00e1lt\u00f3 utcai \u00f3voda<\/a><br><br>\n<a href=\"https:\/\/www.facebook.com\/MesevilagMaganovoda\"><img decoding=\"async\" src=\"https:\/\/mesevilagovi.hu\/wp-content\/uploads\/2021\/09\/fb_btn.png\"><\/a>\n\n\t<\/p>\n\t<\/div>\n<\/div>\n\n\n\n<p><\/p>\n","protected":false},"excerpt":{"rendered":"<p>M\u00e1ria utcai \u00f3voda V\u00e1lt\u00f3 utcai \u00f3voda<\/p>\n","protected":false},"author":4,"featured_media":0,"parent":0,"menu_order":0,"comment_status":"closed","ping_status":"closed","template":"","meta":{"footnotes":""},"_links":{"self":[{"href":"https:\/\/mesevilagovi.hu\/en\/wp-json\/wp\/v2\/pages\/1279"}],"collection":[{"href":"https:\/\/mesevilagovi.hu\/en\/wp-json\/wp\/v2\/pages"}],"about":[{"href":"https:\/\/mesevilagovi.hu\/en\/wp-json\/wp\/v2\/types\/page"}],"author":[{"embeddable":true,"href":"https:\/\/mesevilagovi.hu\/en\/wp-json\/wp\/v2\/users\/4"}],"replies":[{"embeddable":true,"href":"https:\/\/mesevilagovi.hu\/en\/wp-json\/wp\/v2\/comments?post=1279"}],"version-history":[{"count":12,"href":"https:\/\/mesevilagovi.hu\/en\/wp-json\/wp\/v2\/pages\/1279\/revisions"}],"predecessor-version":[{"id":1512,"href":"https:\/\/mesevilagovi.hu\/en\/wp-json\/wp\/v2\/pages\/1279\/revisions\/1512"}],"wp:attachment":[{"href":"https:\/\/mesevilagovi.hu\/en\/wp-json\/wp\/v2\/media?parent=1279"}],"curies":[{"name":"wp","href":"https:\/\/api.w.org\/{rel}","templated":true}]}}