{"id":1366,"date":"2021-11-13T15:05:13","date_gmt":"2021-11-13T15:05:13","guid":{"rendered":"http:\/\/mesevilagovi.hu\/?page_id=1366"},"modified":"2021-11-17T19:35:16","modified_gmt":"2021-11-17T19:35:16","slug":"ebedlemondas","status":"publish","type":"page","link":"https:\/\/mesevilagovi.hu\/en\/ebedlemondas\/","title":{"rendered":"Eb\u00e9dlemond\u00e1s"},"content":{"rendered":"\n<p>Ha az \u00e9tkez\u00e9st, betegs\u00e9g vagy m\u00e1s ok miatt a gyermek nem k\u00edv\u00e1nja ig\u00e9nybe venni, az al\u00e1bbiak szerint t\u00f6rt\u00e9nhet a lemond\u00e1s:<\/p>\n\n\n\n<p><strong>A lemond\u00e1s adatait ki kell t\u00f6lteni, \u00e9s 10:00 \u00f3ra el\u0151tt a lemond\u00e1s a bejelent\u00e9s napj\u00e1t k\u00f6vet\u0151 napra, azut\u00e1n a lemond\u00e1s a bejelent\u00e9st\u0151l sz\u00e1m\u00edtott 2. napra ker\u00fcl r\u00f6gz\u00edt\u00e9sre a programban.<\/strong><\/p>\n\n\n\n<p>A h\u00e9tf\u0151i \u00e9tkez\u00e9s lemond\u00e1s\u00e1ra el\u0151z\u0151 h\u00e9t p\u00e9nteken 10:00 \u00f3r\u00e1ig van lehet\u0151s\u00e9g a rendszerben.<\/p>\n\n\n\n<p>A lemond\u00e1sr\u00f3l minden esetben egy visszaigazol\u00f3 e-mail \u00e9rkezik.<\/p>\n\n\n<div class=\"everest-forms\"><div class=\"evf-container default\" id=\"evf-1416\"><form id=\"evf-form-1416\" class=\"everest-form\" data-formid=\"1416\" data-ajax_submission=\"0\" data-keyboard_friendly_form=\"0\" method=\"post\" enctype=\"multipart\/form-data\" action=\"\/en\/wp-json\/wp\/v2\/pages\/1366\"><div class=\"evf-field-container\"><input type=\"hidden\" id=\"_wpnonce1416\" name=\"_wpnonce1416\" value=\"12861516fc\" \/><input type=\"hidden\" name=\"_wp_http_referer\" value=\"\/en\/wp-json\/wp\/v2\/pages\/1366\" \/><div class=\"evf-frontend-row\" data-row=\"row_1\" conditional_rules=\"[]\"><div class=\"evf-frontend-grid evf-grid-1\" data-grid=\"grid_1\"><div id=\"evf-1416-field_3lsGOzbH2c-1-container\" class=\"evf-field evf-field-text form-row validate-required\" data-required-field-message=\"K\u00f6telez\u0151 kit\u00f6lteni\" data-field-id=\"3lsGOzbH2c-1\"><label class=\"evf-field-label\" for=\"evf-1416-field_3lsGOzbH2c-1\"><span class=\"evf-label\">Gyermek neve (k\u00f6telez\u0151)<\/span> <abbr class=\"required\" title=\"Required\">*<\/abbr><\/label><input type=\"text\" id=\"evf-1416-field_3lsGOzbH2c-1\" class=\"input-text\" name=\"everest_forms[form_fields][3lsGOzbH2c-1]\" required><\/div><\/div><\/div><div class=\"evf-frontend-row\" data-row=\"row_2\" conditional_rules=\"[]\"><div class=\"evf-frontend-grid evf-grid-1\" data-grid=\"grid_1\"><div id=\"evf-1416-field_PXNViJ6Lqi-2-container\" class=\"evf-field evf-field-email form-row validate-required validate-email\" data-required-field-message=\"K\u00f6telez\u0151 kit\u00f6lteni\" data-field-id=\"PXNViJ6Lqi-2\"><label class=\"evf-field-label\" for=\"evf-1416-field_PXNViJ6Lqi-2\"><span class=\"evf-label\">Email c\u00edm (k\u00f6telez\u0151)<\/span> <abbr class=\"required\" title=\"Required\">*<\/abbr><\/label><input type=\"email\" id=\"evf-1416-field_PXNViJ6Lqi-2\" class=\"input-text\" name=\"everest_forms[form_fields][PXNViJ6Lqi-2]\" required ><\/div><\/div><\/div><div class=\"evf-frontend-row\" data-row=\"row_4\" conditional_rules=\"[]\"><div class=\"evf-frontend-grid evf-grid-1\" data-grid=\"grid_1\"><div id=\"evf-1416-field_blJ48HrQFL-8-container\" class=\"evf-field evf-field-select form-row validate-required\" data-required-field-message=\"A csoport kiv\u00e1laszt\u00e1sa k\u00f6telez\u0151\" data-field-id=\"blJ48HrQFL-8\"><label class=\"evf-field-label\" for=\"evf-1416-field_blJ48HrQFL-8\"><span class=\"evf-label\">Csoport<\/span> <abbr class=\"required\" title=\"Required\">*<\/abbr><\/label><select id=\"evf-1416-field_blJ48HrQFL-8\" class=\"input-text evf-field-required\" name=\"everest_forms[form_fields][blJ48HrQFL-8]\" required=\"required\" ><option value=\"M\u00f3kus\" >M\u00f3kus<\/option><option value=\"Nyuszi\" >Nyuszi<\/option><option value=\"S\u00fcni\" >S\u00fcni<\/option><\/select><\/div><div id=\"evf-1416-field_OZ45cmEcqR-4-container\" class=\"evf-field evf-field-date-time form-row\" data-field-id=\"OZ45cmEcqR-4\"><label class=\"evf-field-label\" for=\"evf-1416-field_OZ45cmEcqR-4\"><span class=\"evf-label\">Lemond\u00e1s els\u0151 napja<\/span> <\/label><input type=\"text\" id=\"evf-1416-field_OZ45cmEcqR-4\" class=\"flatpickr-field input-text\" name=\"everest_forms[form_fields][OZ45cmEcqR-4]\" data-time-interval=\"15\" data-date-time=\"date\" data-mode=\"single\" data-locale=\"hu\" data-min-date-range=\"+1 day\" data-max-date-range=\"+60 days\" data-date-format=\"Y-m-d\"  ><\/div><div id=\"evf-1416-field_o0wKEop5Ip-7-container\" class=\"evf-field evf-field-date-time form-row\" data-field-id=\"o0wKEop5Ip-7\"><label class=\"evf-field-label\" for=\"evf-1416-field_o0wKEop5Ip-7\"><span class=\"evf-label\">Lemond\u00e1s utols\u00f3 napja<\/span> <\/label><input type=\"text\" id=\"evf-1416-field_o0wKEop5Ip-7\" class=\"flatpickr-field input-text\" name=\"everest_forms[form_fields][o0wKEop5Ip-7]\" data-time-interval=\"15\" data-date-time=\"date\" data-mode=\"single\" data-locale=\"hu\" data-min-date-range=\"+1 days\" data-max-date-range=\"+60 days\" data-date-format=\"Y-m-d\"  ><\/div><\/div><\/div><div class=\"evf-frontend-row\" data-row=\"row_5\" conditional_rules=\"[]\"><div class=\"evf-frontend-grid evf-grid-1\" data-grid=\"grid_1\"><div id=\"evf-1416-field_5VNm3kMF4e-6-container\" class=\"evf-field evf-field-textarea form-row\" data-field-id=\"5VNm3kMF4e-6\"><label class=\"evf-field-label\" for=\"evf-1416-field_5VNm3kMF4e-6\"><span class=\"evf-label\">Megjegyz\u00e9s<\/span> <\/label><textarea id=\"evf-1416-field_5VNm3kMF4e-6\" class=\"input-text\" name=\"everest_forms[form_fields][5VNm3kMF4e-6]\"  ><\/textarea><\/div><\/div><\/div><\/div><div class=\"evf-honeypot-container evf-field-hp\"><label for=\"evf-1416-field-hp\" class=\"evf-field-label\">Phone<\/label><input type=\"text\" name=\"everest_forms[hp]\" id=\"evf-1416-field-hp\" class=\"input-text\"><\/div><div class=\"evf-submit-container \" ><input type=\"hidden\" name=\"everest_forms[id]\" value=\"1416\"><input type=\"hidden\" name=\"everest_forms[author]\" value=\"4\"><button type='submit' name='everest_forms[submit]' class='everest-forms-submit-button button evf-submit ' id='evf-submit-1416' value='evf-submit' data-process-text=\"Folyamatban...\" conditional_rules='&quot;&quot;' conditional_id='evf-submit-1416'  id=\"evf-submit-1416\" aria-live=\"assertive\">K\u00fcld\u00e9s<\/button><\/div><\/form><\/div><!-- .evf-container --><\/div>\n\n\n\n<p><\/p>\n","protected":false},"excerpt":{"rendered":"<p>Ha az \u00e9tkez\u00e9st, betegs\u00e9g vagy m\u00e1s ok miatt a gyermek nem k\u00edv\u00e1nja ig\u00e9nybe venni, az al\u00e1bbiak szerint t\u00f6rt\u00e9nhet a lemond\u00e1s: A lemond\u00e1s adatait ki kell t\u00f6lteni, \u00e9s 10:00 \u00f3ra el\u0151tt a lemond\u00e1s a bejelent\u00e9s napj\u00e1t k\u00f6vet\u0151 napra, azut\u00e1n a lemond\u00e1s a bejelent\u00e9st\u0151l sz\u00e1m\u00edtott 2. napra ker\u00fcl r\u00f6gz\u00edt\u00e9sre a programban. A h\u00e9tf\u0151i \u00e9tkez\u00e9s lemond\u00e1s\u00e1ra el\u0151z\u0151 h\u00e9t [&hellip;]<\/p>\n","protected":false},"author":4,"featured_media":0,"parent":0,"menu_order":0,"comment_status":"closed","ping_status":"closed","template":"","meta":{"footnotes":""},"_links":{"self":[{"href":"https:\/\/mesevilagovi.hu\/en\/wp-json\/wp\/v2\/pages\/1366"}],"collection":[{"href":"https:\/\/mesevilagovi.hu\/en\/wp-json\/wp\/v2\/pages"}],"about":[{"href":"https:\/\/mesevilagovi.hu\/en\/wp-json\/wp\/v2\/types\/page"}],"author":[{"embeddable":true,"href":"https:\/\/mesevilagovi.hu\/en\/wp-json\/wp\/v2\/users\/4"}],"replies":[{"embeddable":true,"href":"https:\/\/mesevilagovi.hu\/en\/wp-json\/wp\/v2\/comments?post=1366"}],"version-history":[{"count":15,"href":"https:\/\/mesevilagovi.hu\/en\/wp-json\/wp\/v2\/pages\/1366\/revisions"}],"predecessor-version":[{"id":1433,"href":"https:\/\/mesevilagovi.hu\/en\/wp-json\/wp\/v2\/pages\/1366\/revisions\/1433"}],"wp:attachment":[{"href":"https:\/\/mesevilagovi.hu\/en\/wp-json\/wp\/v2\/media?parent=1366"}],"curies":[{"name":"wp","href":"https:\/\/api.w.org\/{rel}","templated":true}]}}