{"id":1485,"date":"2023-03-26T15:51:55","date_gmt":"2023-03-26T15:51:55","guid":{"rendered":"http:\/\/mesevilagovi.hu\/?page_id=1485"},"modified":"2024-06-07T11:36:29","modified_gmt":"2024-06-07T11:36:29","slug":"ovi-suli-program","status":"publish","type":"page","link":"https:\/\/mesevilagovi.hu\/en\/ovi-suli-program\/","title":{"rendered":"Ovi-Suli program"},"content":{"rendered":"<p><strong>A hozz\u00e1nk j\u00e1r\u00f3 gyermekek iskol\u00e1ra val\u00f3 felk\u00e9sz\u00edt\u00e9se:<\/strong><\/p>\n\n\n\n<p>Iskolael\u0151k\u00e9sz\u00edt\u0151 programunk nagyon komplex \u00e9s sokr\u00e9t\u0171. J\u00e1t\u00e9kosan, de tudatosan k\u00e9sz\u00edti fel a gyerekeket az iskolai h\u00e9tk\u00f6znapokra.<\/p>\n\n\n\n<p>A mindennapokban m\u00e1r kiscsoportt\u00f3l kezdve t\u00e9mahetekben dolgozunk, \u00e9s ezeket bontjuk k\u00fcl\u00f6nb\u00f6z\u0151 komplex foglalkoz\u00e1sokra:<\/p>\n\n\n\n<ul><li>Versel\u00e9s, mes\u00e9l\u00e9s<\/li><li>\u00c9nek, zene, \u00e9nekes j\u00e1t\u00e9k, gyermekt\u00e1nc<\/li><li>Rajzol\u00e1s, fest\u00e9s, mint\u00e1z\u00e1s, k\u00e9zi munka<\/li><li>Mozg\u00e1s<\/li><li>A k\u00fcls\u0151 vil\u00e1g tev\u00e9keny megismer\u00e9se, matematikai tartalm\u00fa tapasztalatok<\/li><\/ul>\n\n\n\n<p>Az iskolael\u0151k\u00e9sz\u00edt\u0151 \u00e9vben, heti 3-4 alkalommal (angolul \u00e9s magyarul) vannak k\u00fcl\u00f6n foglalkoz\u00e1sok a d\u00e9lel\u0151tti \u00f3vodai csoportos foglalkoz\u00e1sokon t\u00fal, a gyermekek r\u00e9szk\u00e9pess\u00e9geinek, fejlesztend\u0151 ter\u00fcleteinek megfelel\u0151en.<br>A mikrocsoportos iskolael\u0151k\u00e9sz\u00edt\u0151k\u00f6n, a gyermekek t\u00f6bbnyire alv\u00e1sid\u0151ben vesznek r\u00e9szt, igazodva az egy\u00e9ni alv\u00e1sig\u00e9nyeikhez.<br>A nagycsoportosoknak a sakkprogram\/logikai k\u00e9szs\u00e9g fejleszt\u00e9s is az iskolael\u0151k\u00e9sz\u00edt\u00e9s r\u00e9sze.<\/p>\n\n\n\n<p><strong>K\u00fcls\u0151s\u00f6knek OVI-SULI program:<\/strong><\/p>\n\n\n\n<p>Heti 2 alkalommal, a d\u00e9lut\u00e1ni \u00f3r\u00e1kban, komplex iskolael\u0151k\u00e9sz\u00edt\u0151 programot szervez\u00fcnk k\u00fcls\u0151s gyermekek r\u00e9sz\u00e9re.<br>Saj\u00e1t kidolgozott programunkkal, gyakorlott, kedves fiatalos pedag\u00f3gusainkkal v\u00e1rjuk a gyermekeket.<br>Iskolael\u0151k\u00e9sz\u00edt\u0151 programunk nagyon komplex \u00e9s sokr\u00e9t\u0171. Kognit\u00edv \u00e9s mozg\u00e1sos feladatokkal, j\u00e1t\u00e9kosan, de tudatosan k\u00e9sz\u00edtj\u00fck fel a gyermekeket az iskolai h\u00e9tk\u00f6znapokra \u00e9s kudarcmentes iskolakezd\u00e9sre.<\/p>\n\n\n\n<p><strong>A hozz\u00e1nk j\u00e1r\u00f3 gyermekek magabiztosan \u00e9s eredm\u00e9nyesen vesznek r\u00e9szt az iskol\u00e1k \u00e1ltal szervezett ismerked\u0151, iskolacsipeget\u0151, \u00e9s k\u00e9pess\u00e9gm\u00e9r\u0151 (felv\u00e9teli) elj\u00e1r\u00e1sokon.<\/strong><\/p>","protected":false},"excerpt":{"rendered":"<p>A hozz\u00e1nk j\u00e1r\u00f3 gyermekek iskol\u00e1ra val\u00f3 felk\u00e9sz\u00edt\u00e9se: Iskolael\u0151k\u00e9sz\u00edt\u0151 programunk nagyon komplex \u00e9s sokr\u00e9t\u0171. J\u00e1t\u00e9kosan, de tudatosan k\u00e9sz\u00edti fel a gyerekeket az iskolai h\u00e9tk\u00f6znapokra. A mindennapokban m\u00e1r kiscsoportt\u00f3l kezdve t\u00e9mahetekben dolgozunk, \u00e9s ezeket bontjuk k\u00fcl\u00f6nb\u00f6z\u0151 komplex foglalkoz\u00e1sokra: Versel\u00e9s, mes\u00e9l\u00e9s \u00c9nek, zene, \u00e9nekes j\u00e1t\u00e9k, gyermekt\u00e1nc Rajzol\u00e1s, fest\u00e9s, mint\u00e1z\u00e1s, k\u00e9zi munka Mozg\u00e1s A k\u00fcls\u0151 vil\u00e1g tev\u00e9keny megismer\u00e9se, matematikai [&hellip;]<\/p>\n","protected":false},"author":3,"featured_media":0,"parent":0,"menu_order":0,"comment_status":"closed","ping_status":"closed","template":"","meta":{"footnotes":""},"_links":{"self":[{"href":"https:\/\/mesevilagovi.hu\/en\/wp-json\/wp\/v2\/pages\/1485"}],"collection":[{"href":"https:\/\/mesevilagovi.hu\/en\/wp-json\/wp\/v2\/pages"}],"about":[{"href":"https:\/\/mesevilagovi.hu\/en\/wp-json\/wp\/v2\/types\/page"}],"author":[{"embeddable":true,"href":"https:\/\/mesevilagovi.hu\/en\/wp-json\/wp\/v2\/users\/3"}],"replies":[{"embeddable":true,"href":"https:\/\/mesevilagovi.hu\/en\/wp-json\/wp\/v2\/comments?post=1485"}],"version-history":[{"count":3,"href":"https:\/\/mesevilagovi.hu\/en\/wp-json\/wp\/v2\/pages\/1485\/revisions"}],"predecessor-version":[{"id":1761,"href":"https:\/\/mesevilagovi.hu\/en\/wp-json\/wp\/v2\/pages\/1485\/revisions\/1761"}],"wp:attachment":[{"href":"https:\/\/mesevilagovi.hu\/en\/wp-json\/wp\/v2\/media?parent=1485"}],"curies":[{"name":"wp","href":"https:\/\/api.w.org\/{rel}","templated":true}]}}