{"id":1489,"date":"2023-03-26T15:59:17","date_gmt":"2023-03-26T15:59:17","guid":{"rendered":"http:\/\/mesevilagovi.hu\/?page_id=1489"},"modified":"2023-03-26T15:59:18","modified_gmt":"2023-03-26T15:59:18","slug":"szolgaltatasaink","status":"publish","type":"page","link":"https:\/\/mesevilagovi.hu\/en\/szolgaltatasaink\/","title":{"rendered":"Szolg\u00e1ltat\u00e1saink"},"content":{"rendered":"\n<p><strong>A nem hozz\u00e1nk j\u00e1r\u00f3 gyermekeknek az al\u00e1bbi szolg\u00e1ltat\u00e1sokat tudjuk biztos\u00edtani:<\/strong><\/p>\n\n\n\n<ul><li>Iskola\u00e9retts\u00e9gi vizsg\u00e1lat<\/li><li>Iskol\u00e1ra val\u00f3 felk\u00e9sz\u00edt\u0151 Ovi-Suli program<\/li><li>Konzult\u00e1ci\u00f3, tan\u00e1csad\u00e1s, szakv\u00e9lem\u00e9ny \u00edr\u00e1sa az iskolakezd\u00e9s, iskola\u00e9retts\u00e9g kapcs\u00e1n<\/li><li>LONGIKID vizsg\u00e1lat<\/li><li>Mozg\u00e1sfejleszt\u00e9s-TSMT II. ter\u00e1pia (heti 2 alkalom)<\/li><li>Mozg\u00e1skotta &#8211; okos\u00edt\u00f3, \u00fcgyes\u00edt\u0151 torna (heti 1 alkalom)<\/li><\/ul>\n\n\n\n<p><a href=\"https:\/\/mesevilagovi.hu\/arak\/\">\u00c1rlista<\/a><\/p>\n\n\n\n<p>\u00c9rdekl\u0151d\u00e9s, jelentkez\u00e9s: <a href=\"tel:+6304104992\">+36 30 410 4992<\/a>, <a href=\"mailto:mesevilagovi@gmail.com\">mesevilagovi@gmail.com<\/a><\/p>\n","protected":false},"excerpt":{"rendered":"<p>A nem hozz\u00e1nk j\u00e1r\u00f3 gyermekeknek az al\u00e1bbi szolg\u00e1ltat\u00e1sokat tudjuk biztos\u00edtani: Iskola\u00e9retts\u00e9gi vizsg\u00e1lat Iskol\u00e1ra val\u00f3 felk\u00e9sz\u00edt\u0151 Ovi-Suli program Konzult\u00e1ci\u00f3, tan\u00e1csad\u00e1s, szakv\u00e9lem\u00e9ny \u00edr\u00e1sa az iskolakezd\u00e9s, iskola\u00e9retts\u00e9g kapcs\u00e1n LONGIKID vizsg\u00e1lat Mozg\u00e1sfejleszt\u00e9s-TSMT II. ter\u00e1pia (heti 2 alkalom) Mozg\u00e1skotta &#8211; okos\u00edt\u00f3, \u00fcgyes\u00edt\u0151 torna (heti 1 alkalom) \u00c1rlista \u00c9rdekl\u0151d\u00e9s, jelentkez\u00e9s: +36 30 410 4992, mesevilagovi@gmail.com<\/p>\n","protected":false},"author":3,"featured_media":0,"parent":0,"menu_order":0,"comment_status":"closed","ping_status":"closed","template":"","meta":{"footnotes":""},"_links":{"self":[{"href":"https:\/\/mesevilagovi.hu\/en\/wp-json\/wp\/v2\/pages\/1489"}],"collection":[{"href":"https:\/\/mesevilagovi.hu\/en\/wp-json\/wp\/v2\/pages"}],"about":[{"href":"https:\/\/mesevilagovi.hu\/en\/wp-json\/wp\/v2\/types\/page"}],"author":[{"embeddable":true,"href":"https:\/\/mesevilagovi.hu\/en\/wp-json\/wp\/v2\/users\/3"}],"replies":[{"embeddable":true,"href":"https:\/\/mesevilagovi.hu\/en\/wp-json\/wp\/v2\/comments?post=1489"}],"version-history":[{"count":2,"href":"https:\/\/mesevilagovi.hu\/en\/wp-json\/wp\/v2\/pages\/1489\/revisions"}],"predecessor-version":[{"id":1496,"href":"https:\/\/mesevilagovi.hu\/en\/wp-json\/wp\/v2\/pages\/1489\/revisions\/1496"}],"wp:attachment":[{"href":"https:\/\/mesevilagovi.hu\/en\/wp-json\/wp\/v2\/media?parent=1489"}],"curies":[{"name":"wp","href":"https:\/\/api.w.org\/{rel}","templated":true}]}}