{"id":1497,"date":"2023-03-26T16:01:33","date_gmt":"2023-03-26T16:01:33","guid":{"rendered":"http:\/\/mesevilagovi.hu\/?page_id=1497"},"modified":"2024-02-24T15:04:56","modified_gmt":"2024-02-24T15:04:56","slug":"jelentkezes-beiratkozas","status":"publish","type":"page","link":"https:\/\/mesevilagovi.hu\/en\/jelentkezes-beiratkozas\/","title":{"rendered":"Jelentkez\u00e9s\/Beiratkoz\u00e1s"},"content":{"rendered":"<p>A beiratkoz\u00e1s, helyel\u0151jegyz\u00e9s a szabad helyek erej\u00e9ig folyamatos.<\/p>\n\n\n\n<p>K\u00e9rj\u00fck, hogy id\u0151ben jelezze sz\u00e1nd\u00e9k\u00e1t, mert int\u00e9zm\u00e9ny\u00fcnkben a helyek nagyon hamar, m\u00e1r h\u00f3napokra el\u0151re betelnek.<\/p>\n\n\n\n<p>\u00c9vk\u00f6zbeni felv\u00e9tel is lehets\u00e9ges \u00fcresed\u00e9s eset\u00e9n, ez\u00e9rt \u00e9rdemes helyel\u0151jegyz\u00e9si list\u00e1nkra jelentkezni.<\/p>\n\n\n\n<p>\u00d3vod\u00e1nkban egy\u00e9ni ny\u00edlt napot tartunk, el\u0151zetes telefonos bejelentkez\u00e9s ut\u00e1n az int\u00e9zm\u00e9ny vezet\u0151je vagy helyettese biztos\u00edt lehet\u0151s\u00e9get a teljesk\u00f6r\u0171 t\u00e1j\u00e9koztat\u00e1sra, csoportjaink \u00e9let\u00e9be val\u00f3 betekint\u00e9sbe \u00e9s a felmer\u00fclt k\u00e9rd\u00e9sek megv\u00e1laszol\u00e1s\u00e1ra.<\/p>\n\n\n\n<p>Az int\u00e9zm\u00e9ny l\u00e1togat\u00e1shoz el\u0151zetes telefonos vagy emailes id\u0151pontegyeztet\u00e9s sz\u00fcks\u00e9ges.<\/p>\n\n\n\n<p>\u00c9rdekl\u0151d\u00e9s, jelentkez\u00e9s: <a href=\"tel:+36304104992\">+36 30 410 4992<\/a>, <a href=\"mailto:mesevilagovi@gmail.com\">mesevilagovi@gmail.com<\/a><\/p>","protected":false},"excerpt":{"rendered":"<p>A beiratkoz\u00e1s, helyel\u0151jegyz\u00e9s a szabad helyek erej\u00e9ig folyamatos. K\u00e9rj\u00fck, hogy id\u0151ben jelezze sz\u00e1nd\u00e9k\u00e1t, mert int\u00e9zm\u00e9ny\u00fcnkben a helyek nagyon hamar, m\u00e1r h\u00f3napokra el\u0151re betelnek. \u00c9vk\u00f6zbeni felv\u00e9tel is lehets\u00e9ges \u00fcresed\u00e9s eset\u00e9n, ez\u00e9rt \u00e9rdemes helyel\u0151jegyz\u00e9si list\u00e1nkra jelentkezni. \u00d3vod\u00e1nkban egy\u00e9ni ny\u00edlt napot tartunk, el\u0151zetes telefonos bejelentkez\u00e9s ut\u00e1n az int\u00e9zm\u00e9ny vezet\u0151je vagy helyettese biztos\u00edt lehet\u0151s\u00e9get a teljesk\u00f6r\u0171 t\u00e1j\u00e9koztat\u00e1sra, csoportjaink \u00e9let\u00e9be [&hellip;]<\/p>\n","protected":false},"author":3,"featured_media":0,"parent":0,"menu_order":0,"comment_status":"closed","ping_status":"closed","template":"","meta":{"footnotes":""},"_links":{"self":[{"href":"https:\/\/mesevilagovi.hu\/en\/wp-json\/wp\/v2\/pages\/1497"}],"collection":[{"href":"https:\/\/mesevilagovi.hu\/en\/wp-json\/wp\/v2\/pages"}],"about":[{"href":"https:\/\/mesevilagovi.hu\/en\/wp-json\/wp\/v2\/types\/page"}],"author":[{"embeddable":true,"href":"https:\/\/mesevilagovi.hu\/en\/wp-json\/wp\/v2\/users\/3"}],"replies":[{"embeddable":true,"href":"https:\/\/mesevilagovi.hu\/en\/wp-json\/wp\/v2\/comments?post=1497"}],"version-history":[{"count":2,"href":"https:\/\/mesevilagovi.hu\/en\/wp-json\/wp\/v2\/pages\/1497\/revisions"}],"predecessor-version":[{"id":1757,"href":"https:\/\/mesevilagovi.hu\/en\/wp-json\/wp\/v2\/pages\/1497\/revisions\/1757"}],"wp:attachment":[{"href":"https:\/\/mesevilagovi.hu\/en\/wp-json\/wp\/v2\/media?parent=1497"}],"curies":[{"name":"wp","href":"https:\/\/api.w.org\/{rel}","templated":true}]}}