{"id":15,"date":"2012-05-21T07:53:51","date_gmt":"2012-05-21T07:53:51","guid":{"rendered":"http:\/\/mesevilagovi.hu\/?page_id=15"},"modified":"2024-06-07T11:43:15","modified_gmt":"2024-06-07T11:43:15","slug":"kapcsolat","status":"publish","type":"page","link":"https:\/\/mesevilagovi.hu\/en\/kapcsolat\/","title":{"rendered":"Contact Us"},"content":{"rendered":"<p><strong>Address:<\/strong><\/p>\n<p>1106 Budapest, V\u00e1lt\u00f3 utca 40.<\/p>\n<p>1161 &nbsp;Budapest, &nbsp;M\u00e1ria u. 92.<\/p>\n<p><strong>Telephone:<\/strong><\/p>\n<p lang=\"hu-HU\">+36 (30) 410-4992 (for Hungarian speakers) Patakin\u00e9 Varga Petra<\/p>\n<p lang=\"hu-HU\"><strong>E-mail:<\/strong><\/p>\n<p lang=\"hu-HU\"><span style=\"color: #000080;\"><span style=\"text-decoration: underline;\"><a href=\"mailto:mesevilagovi@gmail.com\">mesevilagovi@gmail.com<\/a><\/span><\/span><\/p>\n<p><\/p>","protected":false},"excerpt":{"rendered":"<p>Address: 1106 Budapest, V\u00e1lt\u00f3 utca 40. 1161 &nbsp;Budapest, &nbsp;M\u00e1ria u. 92. Telephone: +36 (30) 410-4992 (for Hungarian speakers) Patakin\u00e9 Varga Petra E-mail: mesevilagovi@gmail.com<\/p>\n","protected":false},"author":3,"featured_media":0,"parent":0,"menu_order":0,"comment_status":"closed","ping_status":"open","template":"","meta":{"footnotes":""},"_links":{"self":[{"href":"https:\/\/mesevilagovi.hu\/en\/wp-json\/wp\/v2\/pages\/15"}],"collection":[{"href":"https:\/\/mesevilagovi.hu\/en\/wp-json\/wp\/v2\/pages"}],"about":[{"href":"https:\/\/mesevilagovi.hu\/en\/wp-json\/wp\/v2\/types\/page"}],"author":[{"embeddable":true,"href":"https:\/\/mesevilagovi.hu\/en\/wp-json\/wp\/v2\/users\/3"}],"replies":[{"embeddable":true,"href":"https:\/\/mesevilagovi.hu\/en\/wp-json\/wp\/v2\/comments?post=15"}],"version-history":[{"count":30,"href":"https:\/\/mesevilagovi.hu\/en\/wp-json\/wp\/v2\/pages\/15\/revisions"}],"predecessor-version":[{"id":1762,"href":"https:\/\/mesevilagovi.hu\/en\/wp-json\/wp\/v2\/pages\/15\/revisions\/1762"}],"wp:attachment":[{"href":"https:\/\/mesevilagovi.hu\/en\/wp-json\/wp\/v2\/media?parent=15"}],"curies":[{"name":"wp","href":"https:\/\/api.w.org\/{rel}","templated":true}]}}