{"id":156,"date":"2013-06-02T12:47:04","date_gmt":"2013-06-02T12:47:04","guid":{"rendered":"http:\/\/mesevilagovi.hu\/?page_id=156"},"modified":"2025-10-15T06:39:16","modified_gmt":"2025-10-15T06:39:16","slug":"dokumentumok","status":"publish","type":"page","link":"https:\/\/mesevilagovi.hu\/en\/dokumentumok\/","title":{"rendered":"Documents"},"content":{"rendered":"<blockquote>\n<div dir=\"ltr\">\n<div><b>Int\u00e9zm\u00e9ny\u00fcnk a t\u00f6rv\u00e9nyi k\u00f6telezetts\u00e9g\u00e9nek megfelel\u0151en nyilv\u00e1noss\u00e1gra hozza az al\u00e1bbi dokumentumokat:<\/b><\/div>\n<\/div><\/blockquote>\n<div><\/div>\n<div><\/div>\n<blockquote>\n<div dir=\"ltr\">\n<div><a href=\"https:\/\/mesevilagovi.hu\/wp-content\/uploads\/2021\/11\/mesevilag_maganovoda_szmsz_20211118.pdf\" target=\"_blank\" rel=\"noopener noreferrer\">SZMSZ<\/a><\/div>\n<div><a href=\"http:\/\/mesevilagovi.hu\/wp-content\/uploads\/2021\/11\/mesevilag_maganovoda_2021.pdf\" target=\"_blank\" rel=\"noopener noreferrer\">Pedag\u00f3giai Program<\/a><\/div>\n<div><a href=\"http:\/\/mesevilagovi.hu\/wp-content\/uploads\/2021\/11\/hazirend_2021_szeptember.pdf\" target=\"_blank\" rel=\"noopener noreferrer\">H\u00e1zirend<\/a><\/div>\n<\/div><\/blockquote>\n<div><\/div>\n<blockquote>\n<div dir=\"ltr\">\n<div><b>Az eredeti, n\u00e9vvel \u00e9s al\u00e1\u00edr\u00e1sokkal ell\u00e1tott legitim\u00e1lt dokumentumok az int\u00e9zm\u00e9ny sz\u00e9khely\u00e9n megtekinthet\u0151k.<\/b><\/div>\n<\/div><\/blockquote>","protected":false},"excerpt":{"rendered":"<p>Int\u00e9zm\u00e9ny\u00fcnk a t\u00f6rv\u00e9nyi k\u00f6telezetts\u00e9g\u00e9nek megfelel\u0151en nyilv\u00e1noss\u00e1gra hozza az al\u00e1bbi dokumentumokat: SZMSZ Pedag\u00f3giai Program H\u00e1zirend Az eredeti, n\u00e9vvel \u00e9s al\u00e1\u00edr\u00e1sokkal ell\u00e1tott legitim\u00e1lt dokumentumok az int\u00e9zm\u00e9ny sz\u00e9khely\u00e9n megtekinthet\u0151k.<\/p>\n","protected":false},"author":3,"featured_media":0,"parent":0,"menu_order":0,"comment_status":"closed","ping_status":"open","template":"","meta":{"footnotes":""},"_links":{"self":[{"href":"https:\/\/mesevilagovi.hu\/en\/wp-json\/wp\/v2\/pages\/156"}],"collection":[{"href":"https:\/\/mesevilagovi.hu\/en\/wp-json\/wp\/v2\/pages"}],"about":[{"href":"https:\/\/mesevilagovi.hu\/en\/wp-json\/wp\/v2\/types\/page"}],"author":[{"embeddable":true,"href":"https:\/\/mesevilagovi.hu\/en\/wp-json\/wp\/v2\/users\/3"}],"replies":[{"embeddable":true,"href":"https:\/\/mesevilagovi.hu\/en\/wp-json\/wp\/v2\/comments?post=156"}],"version-history":[{"count":26,"href":"https:\/\/mesevilagovi.hu\/en\/wp-json\/wp\/v2\/pages\/156\/revisions"}],"predecessor-version":[{"id":1787,"href":"https:\/\/mesevilagovi.hu\/en\/wp-json\/wp\/v2\/pages\/156\/revisions\/1787"}],"wp:attachment":[{"href":"https:\/\/mesevilagovi.hu\/en\/wp-json\/wp\/v2\/media?parent=156"}],"curies":[{"name":"wp","href":"https:\/\/api.w.org\/{rel}","templated":true}]}}